{"id":15,"date":"2024-09-14T13:02:57","date_gmt":"2024-09-14T13:02:57","guid":{"rendered":"https:\/\/yulinailsskincare.com\/services\/"},"modified":"2024-11-12T18:35:36","modified_gmt":"2024-11-12T18:35:36","slug":"servicios","status":"publish","type":"page","link":"https:\/\/yulinailsskincare.com\/es\/servicios\/","title":{"rendered":"Servicios"},"content":{"rendered":"<div data-elementor-type=\"wp-page\" data-elementor-id=\"15\" class=\"elementor elementor-15\" data-elementor-post-type=\"page\">\n\t\t\t\t<div class=\"elementor-element elementor-element-93263f3 e-con-full e-flex e-con e-parent\" data-id=\"93263f3\" data-element_type=\"container\" data-settings=\"{&quot;background_background&quot;:&quot;classic&quot;}\">\n\t\t<div class=\"elementor-element elementor-element-6c32ff7 e-flex e-con-boxed e-con e-child\" data-id=\"6c32ff7\" data-element_type=\"container\">\n\t\t\t\t\t<div class=\"e-con-inner\">\n\t\t\t\t<div class=\"elementor-element elementor-element-888fcee elementor-widget elementor-widget-heading\" data-id=\"888fcee\" data-element_type=\"widget\" data-widget_type=\"heading.default\">\n\t\t\t\t<div class=\"elementor-widget-container\">\n\t\t\t\t\t<h1 class=\"elementor-heading-title elementor-size-default\">Nuestros Servicios<\/h1>\t\t\t\t<\/div>\n\t\t\t\t<\/div>\n\t\t\t\t\t<\/div>\n\t\t\t\t<\/div>\n\t\t\t\t<\/div>\n\t\t<div class=\"elementor-element elementor-element-4cb475b e-flex e-con-boxed e-con e-parent\" data-id=\"4cb475b\" data-element_type=\"container\">\n\t\t\t\t\t<div class=\"e-con-inner\">\n\t\t<div class=\"elementor-element elementor-element-9741bfd e-con-full e-flex e-con e-child\" data-id=\"9741bfd\" data-element_type=\"container\">\n\t\t\t\t<div class=\"elementor-element elementor-element-d90ef00 elementor-widget elementor-widget-image\" data-id=\"d90ef00\" data-element_type=\"widget\" data-widget_type=\"image.default\">\n\t\t\t\t<div class=\"elementor-widget-container\">\n\t\t\t\t\t\t\t\t\t\t\t\t\t\t\t<img fetchpriority=\"high\" decoding=\"async\" width=\"1202\" height=\"1600\" src=\"https:\/\/yulinailsskincare.com\/wp-content\/uploads\/2024\/11\/WhatsApp-Image-2024-11-05-at-15.35.59-1.jpeg\" class=\"attachment-full size-full wp-image-2086\" alt=\"\" srcset=\"https:\/\/yulinailsskincare.com\/wp-content\/uploads\/2024\/11\/WhatsApp-Image-2024-11-05-at-15.35.59-1.jpeg 1202w, https:\/\/yulinailsskincare.com\/wp-content\/uploads\/2024\/11\/WhatsApp-Image-2024-11-05-at-15.35.59-1-600x799.jpeg 600w, https:\/\/yulinailsskincare.com\/wp-content\/uploads\/2024\/11\/WhatsApp-Image-2024-11-05-at-15.35.59-1-225x300.jpeg 225w, https:\/\/yulinailsskincare.com\/wp-content\/uploads\/2024\/11\/WhatsApp-Image-2024-11-05-at-15.35.59-1-769x1024.jpeg 769w, https:\/\/yulinailsskincare.com\/wp-content\/uploads\/2024\/11\/WhatsApp-Image-2024-11-05-at-15.35.59-1-768x1022.jpeg 768w, https:\/\/yulinailsskincare.com\/wp-content\/uploads\/2024\/11\/WhatsApp-Image-2024-11-05-at-15.35.59-1-1154x1536.jpeg 1154w\" sizes=\"(max-width: 1202px) 100vw, 1202px\" \/>\t\t\t\t\t\t\t\t\t\t\t\t\t\t\t<\/div>\n\t\t\t\t<\/div>\n\t\t\t\t<\/div>\n\t\t<div class=\"elementor-element elementor-element-458f621 e-con-full e-flex e-con e-child\" data-id=\"458f621\" data-element_type=\"container\">\n\t\t\t\t<div class=\"elementor-element elementor-element-57ee7d9 elementor-widget elementor-widget-heading\" data-id=\"57ee7d9\" data-element_type=\"widget\" data-widget_type=\"heading.default\">\n\t\t\t\t<div class=\"elementor-widget-container\">\n\t\t\t\t\t<h4 class=\"elementor-heading-title elementor-size-default\">Yuli Gonz\u00e1lez<\/h4>\t\t\t\t<\/div>\n\t\t\t\t<\/div>\n\t\t\t\t<div class=\"elementor-element elementor-element-9dbc1b1 elementor-widget elementor-widget-text-editor\" data-id=\"9dbc1b1\" data-element_type=\"widget\" data-widget_type=\"text-editor.default\">\n\t\t\t\t<div class=\"elementor-widget-container\">\n\t\t\t\t\t\t\t\t\t<p>De la mano de <strong>Yuli Gonz\u00e1lez<\/strong> encontrar\u00e1s todo lo que necesitas para lucir unas u\u00f1as perfectas.<\/p><p><br><\/p>\n<p><\/p>\n<p>Disfruta de servicios de manicura y pedicura de calidad, capac\u00edtate con nuestras clases para convertirte en la manicurista que siempre so\u00f1aste ser y obt\u00e9n los mejores productos para uso personal y profesional. \u00a1Todo en un solo lugar!<\/p>\t\t\t\t\t\t\t\t<\/div>\n\t\t\t\t<\/div>\n\t\t\t\t<div class=\"elementor-element elementor-element-7179690 elementor-widget elementor-widget-button\" data-id=\"7179690\" data-element_type=\"widget\" data-widget_type=\"button.default\">\n\t\t\t\t<div class=\"elementor-widget-container\">\n\t\t\t\t\t\t\t\t\t<div class=\"elementor-button-wrapper\">\n\t\t\t\t\t<a class=\"elementor-button elementor-button-link elementor-size-sm\" href=\"https:\/\/yulinailsskincare.com\/es\/?page_id=1670\">\n\t\t\t\t\t\t<span class=\"elementor-button-content-wrapper\">\n\t\t\t\t\t\t\t\t\t<span class=\"elementor-button-text\">Conoce mis servicios ac\u00e1<\/span>\n\t\t\t\t\t<\/span>\n\t\t\t\t\t<\/a>\n\t\t\t\t<\/div>\n\t\t\t\t\t\t\t\t<\/div>\n\t\t\t\t<\/div>\n\t\t\t\t<\/div>\n\t\t\t\t\t<\/div>\n\t\t\t\t<\/div>\n\t\t<div class=\"elementor-element elementor-element-f270834 e-flex e-con-boxed e-con e-parent\" data-id=\"f270834\" data-element_type=\"container\">\n\t\t\t\t\t<div class=\"e-con-inner\">\n\t\t<div class=\"elementor-element elementor-element-d82f624 e-con-full e-flex e-con e-child\" data-id=\"d82f624\" data-element_type=\"container\">\n\t\t\t\t<div class=\"elementor-element elementor-element-3b778e2 elementor-widget elementor-widget-image\" data-id=\"3b778e2\" data-element_type=\"widget\" data-widget_type=\"image.default\">\n\t\t\t\t<div class=\"elementor-widget-container\">\n\t\t\t\t\t\t\t\t\t\t\t\t\t\t\t<img decoding=\"async\" width=\"1280\" height=\"1600\" src=\"https:\/\/yulinailsskincare.com\/wp-content\/uploads\/2024\/11\/WhatsApp-Image-2024-11-05-at-15.35.59-11.jpeg\" class=\"attachment-full size-full wp-image-2094\" alt=\"\" srcset=\"https:\/\/yulinailsskincare.com\/wp-content\/uploads\/2024\/11\/WhatsApp-Image-2024-11-05-at-15.35.59-11.jpeg 1280w, https:\/\/yulinailsskincare.com\/wp-content\/uploads\/2024\/11\/WhatsApp-Image-2024-11-05-at-15.35.59-11-600x750.jpeg 600w, https:\/\/yulinailsskincare.com\/wp-content\/uploads\/2024\/11\/WhatsApp-Image-2024-11-05-at-15.35.59-11-240x300.jpeg 240w, https:\/\/yulinailsskincare.com\/wp-content\/uploads\/2024\/11\/WhatsApp-Image-2024-11-05-at-15.35.59-11-819x1024.jpeg 819w, https:\/\/yulinailsskincare.com\/wp-content\/uploads\/2024\/11\/WhatsApp-Image-2024-11-05-at-15.35.59-11-768x960.jpeg 768w, https:\/\/yulinailsskincare.com\/wp-content\/uploads\/2024\/11\/WhatsApp-Image-2024-11-05-at-15.35.59-11-1229x1536.jpeg 1229w\" sizes=\"(max-width: 1280px) 100vw, 1280px\" \/>\t\t\t\t\t\t\t\t\t\t\t\t\t\t\t<\/div>\n\t\t\t\t<\/div>\n\t\t\t\t<\/div>\n\t\t<div class=\"elementor-element elementor-element-dda9887 e-con-full e-flex e-con e-child\" data-id=\"dda9887\" data-element_type=\"container\">\n\t\t\t\t<div class=\"elementor-element elementor-element-dbd12a7 elementor-widget elementor-widget-heading\" data-id=\"dbd12a7\" data-element_type=\"widget\" data-widget_type=\"heading.default\">\n\t\t\t\t<div class=\"elementor-widget-container\">\n\t\t\t\t\t<h4 class=\"elementor-heading-title elementor-size-default\">Valentina Gonz\u00e1lez<\/h4>\t\t\t\t<\/div>\n\t\t\t\t<\/div>\n\t\t\t\t<div class=\"elementor-element elementor-element-ed08cdd elementor-widget elementor-widget-text-editor\" data-id=\"ed08cdd\" data-element_type=\"widget\" data-widget_type=\"text-editor.default\">\n\t\t\t\t<div class=\"elementor-widget-container\">\n\t\t\t\t\t\t\t\t\t<p>Con <strong>Valentina Gonz\u00e1lez<\/strong> descubrir\u00e1s una experiencia completa de belleza. Ofrecemos servicios de depilaci\u00f3n con cera, dise\u00f1o de cejas y extensiones de pesta\u00f1as para que luzcas siempre impecable. \u00a1Agenda tu cita y siente la diferencia en cada detalle!<\/p>\t\t\t\t\t\t\t\t<\/div>\n\t\t\t\t<\/div>\n\t\t\t\t<div class=\"elementor-element elementor-element-6a32355 elementor-widget elementor-widget-button\" data-id=\"6a32355\" data-element_type=\"widget\" data-widget_type=\"button.default\">\n\t\t\t\t<div class=\"elementor-widget-container\">\n\t\t\t\t\t\t\t\t\t<div class=\"elementor-button-wrapper\">\n\t\t\t\t\t<a class=\"elementor-button elementor-button-link elementor-size-sm\" href=\"https:\/\/yulinailsskincare.com\/es\/?page_id=1671\">\n\t\t\t\t\t\t<span class=\"elementor-button-content-wrapper\">\n\t\t\t\t\t\t\t\t\t<span class=\"elementor-button-text\">Conoce mis servicios ac\u00e1<\/span>\n\t\t\t\t\t<\/span>\n\t\t\t\t\t<\/a>\n\t\t\t\t<\/div>\n\t\t\t\t\t\t\t\t<\/div>\n\t\t\t\t<\/div>\n\t\t\t\t<\/div>\n\t\t\t\t\t<\/div>\n\t\t\t\t<\/div>\n\t\t\t\t<\/div>","protected":false},"excerpt":{"rendered":"<p>Nuestros Servicios Yuli Gonz\u00e1lez De la mano de Yuli Gonz\u00e1lez encontrar\u00e1s todo lo que necesitas para lucir unas u\u00f1as perfectas. Disfruta de servicios de manicura y pedicura de calidad, capac\u00edtate con nuestras clases para convertirte en la manicurista que siempre so\u00f1aste ser y obt\u00e9n los mejores productos para uso personal y profesional. \u00a1Todo en un [&hellip;]<\/p>","protected":false},"author":1,"featured_media":0,"parent":0,"menu_order":0,"comment_status":"closed","ping_status":"closed","template":"","meta":{"site-sidebar-layout":"no-sidebar","site-content-layout":"page-builder","ast-site-content-layout":"full-width-container","site-content-style":"unboxed","site-sidebar-style":"unboxed","ast-global-header-display":"","ast-banner-title-visibility":"","ast-main-header-display":"","ast-hfb-above-header-display":"","ast-hfb-below-header-display":"","ast-hfb-mobile-header-display":"","site-post-title":"disabled","ast-breadcrumbs-content":"","ast-featured-img":"disabled","footer-sml-layout":"","theme-transparent-header-meta":"disabled","adv-header-id-meta":"","stick-header-meta":"","header-above-stick-meta":"","header-main-stick-meta":"","header-below-stick-meta":"","astra-migrate-meta-layouts":"set","ast-page-background-enabled":"default","ast-page-background-meta":{"desktop":{"background-color":"var(--ast-global-color-4)","background-image":"","background-repeat":"repeat","background-position":"center center","background-size":"auto","background-attachment":"scroll","background-type":"","background-media":"","overlay-type":"","overlay-color":"","overlay-opacity":"","overlay-gradient":""},"tablet":{"background-color":"","background-image":"","background-repeat":"repeat","background-position":"center center","background-size":"auto","background-attachment":"scroll","background-type":"","background-media":"","overlay-type":"","overlay-color":"","overlay-opacity":"","overlay-gradient":""},"mobile":{"background-color":"","background-image":"","background-repeat":"repeat","background-position":"center center","background-size":"auto","background-attachment":"scroll","background-type":"","background-media":"","overlay-type":"","overlay-color":"","overlay-opacity":"","overlay-gradient":""}},"ast-content-background-meta":{"desktop":{"background-color":"var(--ast-global-color-5)","background-image":"","background-repeat":"repeat","background-position":"center center","background-size":"auto","background-attachment":"scroll","background-type":"","background-media":"","overlay-type":"","overlay-color":"","overlay-opacity":"","overlay-gradient":""},"tablet":{"background-color":"var(--ast-global-color-5)","background-image":"","background-repeat":"repeat","background-position":"center center","background-size":"auto","background-attachment":"scroll","background-type":"","background-media":"","overlay-type":"","overlay-color":"","overlay-opacity":"","overlay-gradient":""},"mobile":{"background-color":"var(--ast-global-color-5)","background-image":"","background-repeat":"repeat","background-position":"center center","background-size":"auto","background-attachment":"scroll","background-type":"","background-media":"","overlay-type":"","overlay-color":"","overlay-opacity":"","overlay-gradient":""}},"_joinchat":[],"footnotes":""},"class_list":["post-15","page","type-page","status-publish","hentry"],"_links":{"self":[{"href":"https:\/\/yulinailsskincare.com\/es\/wp-json\/wp\/v2\/pages\/15","targetHints":{"allow":["GET"]}}],"collection":[{"href":"https:\/\/yulinailsskincare.com\/es\/wp-json\/wp\/v2\/pages"}],"about":[{"href":"https:\/\/yulinailsskincare.com\/es\/wp-json\/wp\/v2\/types\/page"}],"author":[{"embeddable":true,"href":"https:\/\/yulinailsskincare.com\/es\/wp-json\/wp\/v2\/users\/1"}],"replies":[{"embeddable":true,"href":"https:\/\/yulinailsskincare.com\/es\/wp-json\/wp\/v2\/comments?post=15"}],"version-history":[{"count":0,"href":"https:\/\/yulinailsskincare.com\/es\/wp-json\/wp\/v2\/pages\/15\/revisions"}],"wp:attachment":[{"href":"https:\/\/yulinailsskincare.com\/es\/wp-json\/wp\/v2\/media?parent=15"}],"curies":[{"name":"wp","href":"https:\/\/api.w.org\/{rel}","templated":true}]}}