{"id":1671,"date":"2024-09-29T09:23:19","date_gmt":"2024-09-29T09:23:19","guid":{"rendered":"https:\/\/yulinailsskincare.com\/?page_id=1671"},"modified":"2024-11-24T21:43:51","modified_gmt":"2024-11-24T21:43:51","slug":"servicios-de-estetica","status":"publish","type":"page","link":"https:\/\/yulinailsskincare.com\/es\/servicios-de-estetica\/","title":{"rendered":"Servicios de Est\u00e9tica"},"content":{"rendered":"<div data-elementor-type=\"wp-page\" data-elementor-id=\"1671\" class=\"elementor elementor-1671\" data-elementor-post-type=\"page\">\n\t\t\t\t<div class=\"elementor-element elementor-element-886127a e-flex e-con-boxed e-con e-parent\" data-id=\"886127a\" data-element_type=\"container\">\n\t\t\t\t\t<div class=\"e-con-inner\">\n\t\t\t\t<div class=\"elementor-element elementor-element-c2fc138 elementor-widget elementor-widget-spacer\" data-id=\"c2fc138\" data-element_type=\"widget\" data-widget_type=\"spacer.default\">\n\t\t\t\t<div class=\"elementor-widget-container\">\n\t\t\t\t\t\t\t<div class=\"elementor-spacer\">\n\t\t\t<div class=\"elementor-spacer-inner\"><\/div>\n\t\t<\/div>\n\t\t\t\t\t\t<\/div>\n\t\t\t\t<\/div>\n\t\t\t\t\t<\/div>\n\t\t\t\t<\/div>\n\t\t<div class=\"elementor-element elementor-element-a6664a6 e-flex e-con-boxed e-con e-parent\" data-id=\"a6664a6\" data-element_type=\"container\">\n\t\t\t\t\t<div class=\"e-con-inner\">\n\t\t<div class=\"elementor-element elementor-element-64d8379 e-con-full e-flex e-con e-child\" data-id=\"64d8379\" data-element_type=\"container\">\n\t\t\t\t<div class=\"elementor-element elementor-element-1880d59 elementor-widget elementor-widget-spacer\" data-id=\"1880d59\" data-element_type=\"widget\" data-widget_type=\"spacer.default\">\n\t\t\t\t<div class=\"elementor-widget-container\">\n\t\t\t\t\t\t\t<div class=\"elementor-spacer\">\n\t\t\t<div class=\"elementor-spacer-inner\"><\/div>\n\t\t<\/div>\n\t\t\t\t\t\t<\/div>\n\t\t\t\t<\/div>\n\t\t\t\t<div class=\"elementor-element elementor-element-6381a60 elementor-widget elementor-widget-heading\" data-id=\"6381a60\" data-element_type=\"widget\" data-widget_type=\"heading.default\">\n\t\t\t\t<div class=\"elementor-widget-container\">\n\t\t\t\t\t<h2 class=\"elementor-heading-title elementor-size-default\">Soy Valentina Gonz\u00e1lez<\/h2>\t\t\t\t<\/div>\n\t\t\t\t<\/div>\n\t\t\t\t<div class=\"elementor-element elementor-element-50368d0 elementor-widget elementor-widget-text-editor\" data-id=\"50368d0\" data-element_type=\"widget\" data-widget_type=\"text-editor.default\">\n\t\t\t\t<div class=\"elementor-widget-container\">\n\t\t\t\t\t\t\t\t\t<p>Orgullosamente Colombiana e hija de Yuli Gonz\u00e1lez. Hace un a\u00f1o di el paso al mundo del Skincare, tras tres a\u00f1os ofreciendo el servicio de pesta\u00f1as. He realizado varios talleres de cuidado de la piel y me apasiona ayudar a otros a realzar su belleza natural. Pr\u00f3ximamente, continuar\u00e9 mi formaci\u00f3n en enfermer\u00eda para complementar mis conocimientos y brindar un servicio a\u00fan m\u00e1s completo.\u00a0<\/p>\t\t\t\t\t\t\t\t<\/div>\n\t\t\t\t<\/div>\n\t\t\t\t<div class=\"elementor-element elementor-element-e45bd83 elementor-widget elementor-widget-spacer\" data-id=\"e45bd83\" data-element_type=\"widget\" data-widget_type=\"spacer.default\">\n\t\t\t\t<div class=\"elementor-widget-container\">\n\t\t\t\t\t\t\t<div class=\"elementor-spacer\">\n\t\t\t<div class=\"elementor-spacer-inner\"><\/div>\n\t\t<\/div>\n\t\t\t\t\t\t<\/div>\n\t\t\t\t<\/div>\n\t\t\t\t<div class=\"elementor-element elementor-element-72dc24c elementor-widget elementor-widget-text-editor\" data-id=\"72dc24c\" data-element_type=\"widget\" data-widget_type=\"text-editor.default\">\n\t\t\t\t<div class=\"elementor-widget-container\">\n\t\t\t\t\t\t\t\t\t<p>\u00a1Gracias por acompa\u00f1arme en este viaje de aprendizaje y transformaci\u00f3n!<\/p>\t\t\t\t\t\t\t\t<\/div>\n\t\t\t\t<\/div>\n\t\t\t\t<div class=\"elementor-element elementor-element-9f2c066 elementor-widget elementor-widget-spacer\" data-id=\"9f2c066\" data-element_type=\"widget\" data-widget_type=\"spacer.default\">\n\t\t\t\t<div class=\"elementor-widget-container\">\n\t\t\t\t\t\t\t<div class=\"elementor-spacer\">\n\t\t\t<div class=\"elementor-spacer-inner\"><\/div>\n\t\t<\/div>\n\t\t\t\t\t\t<\/div>\n\t\t\t\t<\/div>\n\t\t\t\t<div class=\"elementor-element elementor-element-67cb778 elementor-align-center elementor-widget elementor-widget-button\" data-id=\"67cb778\" data-element_type=\"widget\" data-widget_type=\"button.default\">\n\t\t\t\t<div class=\"elementor-widget-container\">\n\t\t\t\t\t\t\t\t\t<div class=\"elementor-button-wrapper\">\n\t\t\t\t\t<a class=\"elementor-button elementor-button-link elementor-size-sm\" href=\"https:\/\/www.instagram.com\/valblossomstudio?utm_source=ig_web_button_share_sheet&#038;igsh=ZDNlZDc0MzIxNw==\">\n\t\t\t\t\t\t<span class=\"elementor-button-content-wrapper\">\n\t\t\t\t\t\t\t\t\t<span class=\"elementor-button-text\">Te invito a conocer m\u00e1s de mis trabajos aqui<\/span>\n\t\t\t\t\t<\/span>\n\t\t\t\t\t<\/a>\n\t\t\t\t<\/div>\n\t\t\t\t\t\t\t\t<\/div>\n\t\t\t\t<\/div>\n\t\t\t\t<\/div>\n\t\t<div class=\"elementor-element elementor-element-ff18987 e-con-full e-flex e-con e-child\" data-id=\"ff18987\" data-element_type=\"container\">\n\t\t\t\t<div class=\"elementor-element elementor-element-193de37 elementor-widget elementor-widget-image\" data-id=\"193de37\" data-element_type=\"widget\" data-widget_type=\"image.default\">\n\t\t\t\t<div class=\"elementor-widget-container\">\n\t\t\t\t\t\t\t\t\t\t\t\t\t\t\t<img fetchpriority=\"high\" decoding=\"async\" width=\"769\" height=\"1024\" src=\"https:\/\/yulinailsskincare.com\/wp-content\/uploads\/2024\/11\/WhatsApp-Image-2024-11-05-at-15.35.59-8-769x1024.jpeg\" class=\"attachment-large size-large wp-image-2092\" alt=\"\" srcset=\"https:\/\/yulinailsskincare.com\/wp-content\/uploads\/2024\/11\/WhatsApp-Image-2024-11-05-at-15.35.59-8-769x1024.jpeg 769w, https:\/\/yulinailsskincare.com\/wp-content\/uploads\/2024\/11\/WhatsApp-Image-2024-11-05-at-15.35.59-8-600x799.jpeg 600w, https:\/\/yulinailsskincare.com\/wp-content\/uploads\/2024\/11\/WhatsApp-Image-2024-11-05-at-15.35.59-8-225x300.jpeg 225w, https:\/\/yulinailsskincare.com\/wp-content\/uploads\/2024\/11\/WhatsApp-Image-2024-11-05-at-15.35.59-8-768x1022.jpeg 768w, https:\/\/yulinailsskincare.com\/wp-content\/uploads\/2024\/11\/WhatsApp-Image-2024-11-05-at-15.35.59-8-1154x1536.jpeg 1154w, https:\/\/yulinailsskincare.com\/wp-content\/uploads\/2024\/11\/WhatsApp-Image-2024-11-05-at-15.35.59-8.jpeg 1202w\" sizes=\"(max-width: 769px) 100vw, 769px\" \/>\t\t\t\t\t\t\t\t\t\t\t\t\t\t\t<\/div>\n\t\t\t\t<\/div>\n\t\t\t\t<\/div>\n\t\t\t\t\t<\/div>\n\t\t\t\t<\/div>\n\t\t<div class=\"elementor-element elementor-element-eb705a2 e-flex e-con-boxed e-con e-parent\" data-id=\"eb705a2\" data-element_type=\"container\">\n\t\t\t\t\t<div class=\"e-con-inner\">\n\t\t\t\t<div class=\"elementor-element elementor-element-b1358bb elementor-widget elementor-widget-spacer\" data-id=\"b1358bb\" data-element_type=\"widget\" data-widget_type=\"spacer.default\">\n\t\t\t\t<div class=\"elementor-widget-container\">\n\t\t\t\t\t\t\t<div class=\"elementor-spacer\">\n\t\t\t<div class=\"elementor-spacer-inner\"><\/div>\n\t\t<\/div>\n\t\t\t\t\t\t<\/div>\n\t\t\t\t<\/div>\n\t\t\t\t\t<\/div>\n\t\t\t\t<\/div>\n\t\t\t\t<\/div>","protected":false},"excerpt":{"rendered":"<p>Soy Valentina Gonz\u00e1lez Orgullosamente Colombiana e hija de Yuli Gonz\u00e1lez. Hace un a\u00f1o di el paso al mundo del Skincare, tras tres a\u00f1os ofreciendo el servicio de pesta\u00f1as. He realizado varios talleres de cuidado de la piel y me apasiona ayudar a otros a realzar su belleza natural. Pr\u00f3ximamente, continuar\u00e9 mi formaci\u00f3n en enfermer\u00eda para [&hellip;]<\/p>","protected":false},"author":1,"featured_media":0,"parent":0,"menu_order":0,"comment_status":"closed","ping_status":"closed","template":"","meta":{"site-sidebar-layout":"no-sidebar","site-content-layout":"page-builder","ast-site-content-layout":"full-width-container","site-content-style":"default","site-sidebar-style":"default","ast-global-header-display":"","ast-banner-title-visibility":"","ast-main-header-display":"","ast-hfb-above-header-display":"","ast-hfb-below-header-display":"","ast-hfb-mobile-header-display":"","site-post-title":"disabled","ast-breadcrumbs-content":"","ast-featured-img":"disabled","footer-sml-layout":"","theme-transparent-header-meta":"","adv-header-id-meta":"","stick-header-meta":"","header-above-stick-meta":"","header-main-stick-meta":"","header-below-stick-meta":"","astra-migrate-meta-layouts":"default","ast-page-background-enabled":"default","ast-page-background-meta":{"desktop":{"background-color":"var(--ast-global-color-4)","background-image":"","background-repeat":"repeat","background-position":"center center","background-size":"auto","background-attachment":"scroll","background-type":"","background-media":"","overlay-type":"","overlay-color":"","overlay-opacity":"","overlay-gradient":""},"tablet":{"background-color":"","background-image":"","background-repeat":"repeat","background-position":"center center","background-size":"auto","background-attachment":"scroll","background-type":"","background-media":"","overlay-type":"","overlay-color":"","overlay-opacity":"","overlay-gradient":""},"mobile":{"background-color":"","background-image":"","background-repeat":"repeat","background-position":"center center","background-size":"auto","background-attachment":"scroll","background-type":"","background-media":"","overlay-type":"","overlay-color":"","overlay-opacity":"","overlay-gradient":""}},"ast-content-background-meta":{"desktop":{"background-color":"var(--ast-global-color-5)","background-image":"","background-repeat":"repeat","background-position":"center center","background-size":"auto","background-attachment":"scroll","background-type":"","background-media":"","overlay-type":"","overlay-color":"","overlay-opacity":"","overlay-gradient":""},"tablet":{"background-color":"var(--ast-global-color-5)","background-image":"","background-repeat":"repeat","background-position":"center center","background-size":"auto","background-attachment":"scroll","background-type":"","background-media":"","overlay-type":"","overlay-color":"","overlay-opacity":"","overlay-gradient":""},"mobile":{"background-color":"var(--ast-global-color-5)","background-image":"","background-repeat":"repeat","background-position":"center center","background-size":"auto","background-attachment":"scroll","background-type":"","background-media":"","overlay-type":"","overlay-color":"","overlay-opacity":"","overlay-gradient":""}},"_joinchat":[],"footnotes":""},"class_list":["post-1671","page","type-page","status-publish","hentry"],"_links":{"self":[{"href":"https:\/\/yulinailsskincare.com\/es\/wp-json\/wp\/v2\/pages\/1671","targetHints":{"allow":["GET"]}}],"collection":[{"href":"https:\/\/yulinailsskincare.com\/es\/wp-json\/wp\/v2\/pages"}],"about":[{"href":"https:\/\/yulinailsskincare.com\/es\/wp-json\/wp\/v2\/types\/page"}],"author":[{"embeddable":true,"href":"https:\/\/yulinailsskincare.com\/es\/wp-json\/wp\/v2\/users\/1"}],"replies":[{"embeddable":true,"href":"https:\/\/yulinailsskincare.com\/es\/wp-json\/wp\/v2\/comments?post=1671"}],"version-history":[{"count":0,"href":"https:\/\/yulinailsskincare.com\/es\/wp-json\/wp\/v2\/pages\/1671\/revisions"}],"wp:attachment":[{"href":"https:\/\/yulinailsskincare.com\/es\/wp-json\/wp\/v2\/media?parent=1671"}],"curies":[{"name":"wp","href":"https:\/\/api.w.org\/{rel}","templated":true}]}}